{"id":28,"date":"2024-01-18T09:40:28","date_gmt":"2024-01-18T08:40:28","guid":{"rendered":"http:\/\/diderot.education\/65831405350c9-anais-gay\/?page_id=28"},"modified":"2025-09-22T12:03:28","modified_gmt":"2025-09-22T10:03:28","slug":"prise-de-rdv-et-tarifs","status":"publish","type":"page","link":"https:\/\/dietalimenterre.fr\/?page_id=28","title":{"rendered":"Prises de RDV et tarifs"},"content":{"rendered":"\t\t<div data-elementor-type=\"wp-page\" data-elementor-id=\"28\" class=\"elementor elementor-28\">\n\t\t\t\t<div class=\"elementor-element elementor-element-a20bf1f e-flex e-con-boxed e-con e-parent\" data-id=\"a20bf1f\" data-element_type=\"container\">\n\t\t\t\t\t<div class=\"e-con-inner\">\n\t\t\t\t<div class=\"elementor-element elementor-element-c5505db elementor-widget elementor-widget-text-editor\" data-id=\"c5505db\" data-element_type=\"widget\" data-widget_type=\"text-editor.default\">\n\t\t\t\t<div class=\"elementor-widget-container\">\n\t\t\t\t\t\t\t\t\t<p>R\u00e9servez votre <strong>consultation di\u00e9t\u00e9tique<\/strong> pour que l&rsquo;on puisse \u00e9changer et r\u00e9pondre \u00e0 vos interrogations nutritionnelles et sant\u00e9 !<\/p>\t\t\t\t\t\t\t\t<\/div>\n\t\t\t\t<\/div>\n\t\t\t\t<div class=\"elementor-element elementor-element-c6045e3 elementor-align-center elementor-widget elementor-widget-button\" data-id=\"c6045e3\" data-element_type=\"widget\" data-widget_type=\"button.default\">\n\t\t\t\t<div class=\"elementor-widget-container\">\n\t\t\t\t\t\t\t\t\t<div class=\"elementor-button-wrapper\">\n\t\t\t\t\t<a class=\"elementor-button elementor-button-link elementor-size-sm\" href=\"https:\/\/calendly.com\/anais-gay\/30min\">\n\t\t\t\t\t\t<span class=\"elementor-button-content-wrapper\">\n\t\t\t\t\t\t\t\t\t<span class=\"elementor-button-text\">Je prends RDV en visio<\/span>\n\t\t\t\t\t<\/span>\n\t\t\t\t\t<\/a>\n\t\t\t\t<\/div>\n\t\t\t\t\t\t\t\t<\/div>\n\t\t\t\t<\/div>\n\t\t\t\t\t<\/div>\n\t\t\t\t<\/div>\n\t\t<div class=\"elementor-element elementor-element-fb2edff e-flex e-con-boxed e-con e-parent\" data-id=\"fb2edff\" data-element_type=\"container\">\n\t\t\t\t\t<div class=\"e-con-inner\">\n\t\t\t\t<div class=\"elementor-element elementor-element-0c48df8 elementor-widget elementor-widget-toggle\" data-id=\"0c48df8\" data-element_type=\"widget\" data-widget_type=\"toggle.default\">\n\t\t\t\t<div class=\"elementor-widget-container\">\n\t\t\t\t\t\t\t<div class=\"elementor-toggle\">\n\t\t\t\t\t\t\t<div class=\"elementor-toggle-item\">\n\t\t\t\t\t<div id=\"elementor-tab-title-1281\" class=\"elementor-tab-title\" data-tab=\"1\" role=\"button\" aria-controls=\"elementor-tab-content-1281\" aria-expanded=\"false\">\n\t\t\t\t\t\t\t\t\t\t\t\t<span class=\"elementor-toggle-icon elementor-toggle-icon-left\" aria-hidden=\"true\">\n\t\t\t\t\t\t\t\t\t\t\t\t\t\t\t<span class=\"elementor-toggle-icon-closed\"><svg class=\"e-font-icon-svg e-fas-caret-right\" viewBox=\"0 0 192 512\" xmlns=\"http:\/\/www.w3.org\/2000\/svg\"><path d=\"M0 384.662V127.338c0-17.818 21.543-26.741 34.142-14.142l128.662 128.662c7.81 7.81 7.81 20.474 0 28.284L34.142 398.804C21.543 411.404 0 402.48 0 384.662z\"><\/path><\/svg><\/span>\n\t\t\t\t\t\t\t\t<span class=\"elementor-toggle-icon-opened\"><svg class=\"elementor-toggle-icon-opened e-font-icon-svg e-fas-caret-up\" viewBox=\"0 0 320 512\" xmlns=\"http:\/\/www.w3.org\/2000\/svg\"><path d=\"M288.662 352H31.338c-17.818 0-26.741-21.543-14.142-34.142l128.662-128.662c7.81-7.81 20.474-7.81 28.284 0l128.662 128.662c12.6 12.599 3.676 34.142-14.142 34.142z\"><\/path><\/svg><\/span>\n\t\t\t\t\t\t\t\t\t\t\t\t\t<\/span>\n\t\t\t\t\t\t\t\t\t\t\t\t<a class=\"elementor-toggle-title\" tabindex=\"0\">Comment ?<\/a>\n\t\t\t\t\t<\/div>\n\n\t\t\t\t\t<div id=\"elementor-tab-content-1281\" class=\"elementor-tab-content elementor-clearfix\" data-tab=\"1\" role=\"region\" aria-labelledby=\"elementor-tab-title-1281\"><p>Par visio, \u00e0 mon domicile ou directement chez vous<\/p><p>En cabinet :<\/p><ul><li>A la maison de sant\u00e9 de VILLEFRANCHE DE ROUERGUE\u00a0<\/li><li>A la maison de sant\u00e9 de La Fouillade (\u00e0 partir de novembre)<\/li><\/ul><\/div>\n\t\t\t\t<\/div>\n\t\t\t\t\t\t\t<div class=\"elementor-toggle-item\">\n\t\t\t\t\t<div id=\"elementor-tab-title-1282\" class=\"elementor-tab-title\" data-tab=\"2\" role=\"button\" aria-controls=\"elementor-tab-content-1282\" aria-expanded=\"false\">\n\t\t\t\t\t\t\t\t\t\t\t\t<span class=\"elementor-toggle-icon elementor-toggle-icon-left\" aria-hidden=\"true\">\n\t\t\t\t\t\t\t\t\t\t\t\t\t\t\t<span class=\"elementor-toggle-icon-closed\"><svg class=\"e-font-icon-svg e-fas-caret-right\" viewBox=\"0 0 192 512\" xmlns=\"http:\/\/www.w3.org\/2000\/svg\"><path d=\"M0 384.662V127.338c0-17.818 21.543-26.741 34.142-14.142l128.662 128.662c7.81 7.81 7.81 20.474 0 28.284L34.142 398.804C21.543 411.404 0 402.48 0 384.662z\"><\/path><\/svg><\/span>\n\t\t\t\t\t\t\t\t<span class=\"elementor-toggle-icon-opened\"><svg class=\"elementor-toggle-icon-opened e-font-icon-svg e-fas-caret-up\" viewBox=\"0 0 320 512\" xmlns=\"http:\/\/www.w3.org\/2000\/svg\"><path d=\"M288.662 352H31.338c-17.818 0-26.741-21.543-14.142-34.142l128.662-128.662c7.81-7.81 20.474-7.81 28.284 0l128.662 128.662c12.6 12.599 3.676 34.142-14.142 34.142z\"><\/path><\/svg><\/span>\n\t\t\t\t\t\t\t\t\t\t\t\t\t<\/span>\n\t\t\t\t\t\t\t\t\t\t\t\t<a class=\"elementor-toggle-title\" tabindex=\"0\">Dur\u00e9e ?<\/a>\n\t\t\t\t\t<\/div>\n\n\t\t\t\t\t<div id=\"elementor-tab-content-1282\" class=\"elementor-tab-content elementor-clearfix\" data-tab=\"2\" role=\"region\" aria-labelledby=\"elementor-tab-title-1282\"><p>1\u00e8re s\u00e9ance: environ 1H<\/p><p>Suivi: plus court, adapt\u00e9 aux besoins de chacun (environ 30 min)<\/p><p>S\u00e9ance d&rsquo;information di\u00e9t\u00e9tique personnalis\u00e9e : 2H<\/p><\/div>\n\t\t\t\t<\/div>\n\t\t\t\t\t\t\t<div class=\"elementor-toggle-item\">\n\t\t\t\t\t<div id=\"elementor-tab-title-1283\" class=\"elementor-tab-title\" data-tab=\"3\" role=\"button\" aria-controls=\"elementor-tab-content-1283\" aria-expanded=\"false\">\n\t\t\t\t\t\t\t\t\t\t\t\t<span class=\"elementor-toggle-icon elementor-toggle-icon-left\" aria-hidden=\"true\">\n\t\t\t\t\t\t\t\t\t\t\t\t\t\t\t<span class=\"elementor-toggle-icon-closed\"><svg class=\"e-font-icon-svg e-fas-caret-right\" viewBox=\"0 0 192 512\" xmlns=\"http:\/\/www.w3.org\/2000\/svg\"><path d=\"M0 384.662V127.338c0-17.818 21.543-26.741 34.142-14.142l128.662 128.662c7.81 7.81 7.81 20.474 0 28.284L34.142 398.804C21.543 411.404 0 402.48 0 384.662z\"><\/path><\/svg><\/span>\n\t\t\t\t\t\t\t\t<span class=\"elementor-toggle-icon-opened\"><svg class=\"elementor-toggle-icon-opened e-font-icon-svg e-fas-caret-up\" viewBox=\"0 0 320 512\" xmlns=\"http:\/\/www.w3.org\/2000\/svg\"><path d=\"M288.662 352H31.338c-17.818 0-26.741-21.543-14.142-34.142l128.662-128.662c7.81-7.81 20.474-7.81 28.284 0l128.662 128.662c12.6 12.599 3.676 34.142-14.142 34.142z\"><\/path><\/svg><\/span>\n\t\t\t\t\t\t\t\t\t\t\t\t\t<\/span>\n\t\t\t\t\t\t\t\t\t\t\t\t<a class=\"elementor-toggle-title\" tabindex=\"0\">Prix ?<\/a>\n\t\t\t\t\t<\/div>\n\n\t\t\t\t\t<div id=\"elementor-tab-content-1283\" class=\"elementor-tab-content elementor-clearfix\" data-tab=\"3\" role=\"region\" aria-labelledby=\"elementor-tab-title-1283\"><p><span style=\"text-decoration: underline;\"><strong>En cabinet ou en visio :<\/strong><\/span><\/p><p>1\u00e8re consultation\/ bilan nutritionnel: 50\u20ac*<\/p><p>Suivi nutritionnel: 25\u20ac*<\/p><pre><strong>Forfait 4 consultations<\/strong>\u00a0<br \/>(1 bilan nutritionnel + 3 suivis): 115\u20ac<\/pre><p><span style=\"text-decoration: underline;\">En couple :<\/span><\/p><p>1H15 \u00a0la premi\u00e8re consultation : 70\u20ac<\/p><p>45 min le suivi : 50\u20ac<\/p><p><strong><span style=\"text-decoration: underline;\">A domicile:\u00a0<\/span><\/strong><\/p><p>1\u00e8re consultation: 50\u20ac*<\/p><p>Suivi nutritionnel: 25\u20ac*<\/p><p><span style=\"text-decoration: underline;\">En couple :<\/span><\/p><p>1H15 \u00a0la premi\u00e8re consultation : 70\u20ac<\/p><p>45 min le suivi : 50\u20ac<\/p><p>Frais kilom\u00e9triques: 0,5\u20ac\/Km<\/p><p><span style=\"text-decoration: underline;\"><strong>S\u00e9ance d&rsquo;information di\u00e9t\u00e9tique personnalis\u00e9e<\/strong> :<\/span> 80\u20ac<\/p><p>*Pour les \u00e9tudiants les tarifs peuvent \u00eatre adapt\u00e9s<\/p><p>Paiement via Lydia\/PayPal gr\u00e2ce \u00e0 mon num\u00e9ro de t\u00e9l\u00e9phone ou par virement bancaire en d\u00e9but\/fin de rendez-vous (si distanciel).<\/p><\/div>\n\t\t\t\t<\/div>\n\t\t\t\t\t\t\t\t<\/div>\n\t\t\t\t\t\t<\/div>\n\t\t\t\t<\/div>\n\t\t\t\t\t<\/div>\n\t\t\t\t<\/div>\n\t\t<div class=\"elementor-element elementor-element-5225d12 e-flex e-con-boxed e-con e-parent\" data-id=\"5225d12\" data-element_type=\"container\">\n\t\t\t\t\t<div class=\"e-con-inner\">\n\t\t\t\t<div class=\"elementor-element elementor-element-cb3c495 elementor-widget elementor-widget-text-editor\" data-id=\"cb3c495\" data-element_type=\"widget\" data-widget_type=\"text-editor.default\">\n\t\t\t\t<div class=\"elementor-widget-container\">\n\t\t\t\t\t\t\t\t\t<p>Je propose aussi :<\/p><ul><li>Des <strong>ateliers di\u00e9t\u00e9tiques et de cuisine<\/strong> \u00e0 tout public et pour toutes structures (associations, particuliers, entreprises, instances publiques&#8230;)<\/li><li>Un <strong>accompagnement<\/strong> personnalis\u00e9 pour <strong>faire ses courses<\/strong> = analyse \u00e9tiquetage, choix des produits, confection de repas en direct en fonction des go\u00fbts\/budget\/saisonnalit\u00e9\/localit\u00e9<\/li><\/ul><p>Tarifs : sur devis en fonction de la demande<\/p>\t\t\t\t\t\t\t\t<\/div>\n\t\t\t\t<\/div>\n\t\t\t\t<div class=\"elementor-element elementor-element-d7de1af elementor-widget-divider--view-line elementor-widget elementor-widget-divider\" data-id=\"d7de1af\" data-element_type=\"widget\" data-widget_type=\"divider.default\">\n\t\t\t\t<div class=\"elementor-widget-container\">\n\t\t\t\t\t\t\t<div class=\"elementor-divider\">\n\t\t\t<span class=\"elementor-divider-separator\">\n\t\t\t\t\t\t<\/span>\n\t\t<\/div>\n\t\t\t\t\t\t<\/div>\n\t\t\t\t<\/div>\n\t\t\t\t<div class=\"elementor-element elementor-element-b643e78 elementor-widget elementor-widget-heading\" data-id=\"b643e78\" data-element_type=\"widget\" data-widget_type=\"heading.default\">\n\t\t\t\t<div class=\"elementor-widget-container\">\n\t\t\t\t\t<h2 class=\"elementor-heading-title elementor-size-default\">Remboursement ?<\/h2>\t\t\t\t<\/div>\n\t\t\t\t<\/div>\n\t\t\t\t\t<\/div>\n\t\t\t\t<\/div>\n\t\t<div class=\"elementor-element elementor-element-849dd0c e-flex e-con-boxed e-con e-parent\" data-id=\"849dd0c\" data-element_type=\"container\">\n\t\t\t\t\t<div class=\"e-con-inner\">\n\t\t\t\t<div class=\"elementor-element elementor-element-7e12379 elementor-widget elementor-widget-text-editor\" data-id=\"7e12379\" data-element_type=\"widget\" data-widget_type=\"text-editor.default\">\n\t\t\t\t<div class=\"elementor-widget-container\">\n\t\t\t\t\t\t\t\t\t<p>Retrouvez la liste, ci-dessous, des mutuelles qui remboursent les consultations di\u00e9t\u00e9tiques avec leurs conditions et montants :<\/p>\t\t\t\t\t\t\t\t<\/div>\n\t\t\t\t<\/div>\n\t\t\t\t\t<\/div>\n\t\t\t\t<\/div>\n\t\t<div class=\"elementor-element elementor-element-12698f4 e-flex e-con-boxed e-con e-parent\" data-id=\"12698f4\" data-element_type=\"container\">\n\t\t\t\t\t<div class=\"e-con-inner\">\n\t\t\t\t<div class=\"elementor-element elementor-element-8d9363f elementor-widget elementor-widget-text-editor\" data-id=\"8d9363f\" data-element_type=\"widget\" data-widget_type=\"text-editor.default\">\n\t\t\t\t<div class=\"elementor-widget-container\">\n\t\t\t\t\t\t\t\t\t<p>Cette liste est non exhaustive !<br \/>Pensez \u00e0 vous renseigner aupr\u00e8s de vos assurances respectives.<\/p>\t\t\t\t\t\t\t\t<\/div>\n\t\t\t\t<\/div>\n\t\t\t\t\t<\/div>\n\t\t\t\t<\/div>\n\t\t<div class=\"elementor-element elementor-element-893f413 e-flex e-con-boxed e-con e-parent\" data-id=\"893f413\" data-element_type=\"container\">\n\t\t\t\t\t<div class=\"e-con-inner\">\n\t\t\t\t<div class=\"elementor-element elementor-element-963ff1d elementor-position-top elementor-widget elementor-widget-image-box\" data-id=\"963ff1d\" data-element_type=\"widget\" data-widget_type=\"image-box.default\">\n\t\t\t\t<div class=\"elementor-widget-container\">\n\t\t\t\t\t<div class=\"elementor-image-box-wrapper\"><figure class=\"elementor-image-box-img\"><a href=\"https:\/\/nutrizen-cabinet.fr\/wp-content\/uploads\/2018\/03\/Liste-de-mutuelles-remboursant-les-consultations-dietetiques.pdf\" tabindex=\"-1\"><img fetchpriority=\"high\" decoding=\"async\" width=\"1024\" height=\"512\" src=\"https:\/\/dietalimenterre.fr\/wp-content\/uploads\/2025\/02\/Remboursement-deban.png\" class=\"attachment-full size-full wp-image-420\" alt=\"\" srcset=\"https:\/\/dietalimenterre.fr\/wp-content\/uploads\/2025\/02\/Remboursement-deban.png 1024w, https:\/\/dietalimenterre.fr\/wp-content\/uploads\/2025\/02\/Remboursement-deban-300x150.png 300w, https:\/\/dietalimenterre.fr\/wp-content\/uploads\/2025\/02\/Remboursement-deban-768x384.png 768w\" sizes=\"(max-width: 1024px) 100vw, 1024px\" \/><\/a><\/figure><div class=\"elementor-image-box-content\"><h3 class=\"elementor-image-box-title\"><a href=\"https:\/\/nutrizen-cabinet.fr\/wp-content\/uploads\/2018\/03\/Liste-de-mutuelles-remboursant-les-consultations-dietetiques.pdf\">Liste mutuelles<\/a><\/h3><p class=\"elementor-image-box-description\">Cliquez ici !<\/p><\/div><\/div>\t\t\t\t<\/div>\n\t\t\t\t<\/div>\n\t\t\t\t\t<\/div>\n\t\t\t\t<\/div>\n\t\t<div class=\"elementor-element elementor-element-3433b21 e-flex e-con-boxed e-con e-parent\" data-id=\"3433b21\" data-element_type=\"container\">\n\t\t\t\t\t<div class=\"e-con-inner\">\n\t\t\t\t<div class=\"elementor-element elementor-element-7682984 elementor-widget elementor-widget-html\" data-id=\"7682984\" data-element_type=\"widget\" data-widget_type=\"html.default\">\n\t\t\t\t<div class=\"elementor-widget-container\">\n\t\t\t\t\thttps:\/\/nutrizen-cabinet.fr\/wp-content\/uploads\/2018\/03\/Liste-de-mutuelles-remboursant-les-consultations-dietetiques.pdf\t\t\t\t<\/div>\n\t\t\t\t<\/div>\n\t\t\t\t\t<\/div>\n\t\t\t\t<\/div>\n\t\t\t\t<\/div>\n\t\t","protected":false},"excerpt":{"rendered":"<p>R\u00e9servez votre consultation di\u00e9t\u00e9tique pour que l&rsquo;on puisse \u00e9changer et r\u00e9pondre \u00e0 vos interrogations nutritionnelles et sant\u00e9 ! Je prends RDV en visio Comment ? Par visio, \u00e0 mon domicile ou directement chez vous En cabinet : A la maison de sant\u00e9 de VILLEFRANCHE DE ROUERGUE\u00a0 A la maison de sant\u00e9 de La Fouillade (\u00e0 [&hellip;]<\/p>\n","protected":false},"author":2,"featured_media":0,"parent":0,"menu_order":0,"comment_status":"closed","ping_status":"closed","template":"","meta":{"footnotes":""},"class_list":["post-28","page","type-page","status-publish","hentry"],"_links":{"self":[{"href":"https:\/\/dietalimenterre.fr\/index.php?rest_route=\/wp\/v2\/pages\/28","targetHints":{"allow":["GET"]}}],"collection":[{"href":"https:\/\/dietalimenterre.fr\/index.php?rest_route=\/wp\/v2\/pages"}],"about":[{"href":"https:\/\/dietalimenterre.fr\/index.php?rest_route=\/wp\/v2\/types\/page"}],"author":[{"embeddable":true,"href":"https:\/\/dietalimenterre.fr\/index.php?rest_route=\/wp\/v2\/users\/2"}],"replies":[{"embeddable":true,"href":"https:\/\/dietalimenterre.fr\/index.php?rest_route=%2Fwp%2Fv2%2Fcomments&post=28"}],"version-history":[{"count":46,"href":"https:\/\/dietalimenterre.fr\/index.php?rest_route=\/wp\/v2\/pages\/28\/revisions"}],"predecessor-version":[{"id":525,"href":"https:\/\/dietalimenterre.fr\/index.php?rest_route=\/wp\/v2\/pages\/28\/revisions\/525"}],"wp:attachment":[{"href":"https:\/\/dietalimenterre.fr\/index.php?rest_route=%2Fwp%2Fv2%2Fmedia&parent=28"}],"curies":[{"name":"wp","href":"https:\/\/api.w.org\/{rel}","templated":true}]}}