{"id":22,"date":"2024-01-18T09:38:56","date_gmt":"2024-01-18T08:38:56","guid":{"rendered":"http:\/\/diderot.education\/65831405350c9-anais-gay\/?page_id=22"},"modified":"2024-01-18T09:38:56","modified_gmt":"2024-01-18T08:38:56","slug":"dietetique","status":"publish","type":"page","link":"https:\/\/dietalimenterre.fr\/?page_id=22","title":{"rendered":"Di\u00e9t\u00e9tique"},"content":{"rendered":"\t\t<div data-elementor-type=\"wp-page\" data-elementor-id=\"22\" class=\"elementor elementor-22\">\n\t\t\t\t<div class=\"elementor-element elementor-element-4000476 e-flex e-con-boxed e-con e-parent\" data-id=\"4000476\" data-element_type=\"container\">\n\t\t\t\t\t<div class=\"e-con-inner\">\n\t\t\t\t<div class=\"elementor-element elementor-element-61d8d77 elementor-widget elementor-widget-text-editor\" data-id=\"61d8d77\" data-element_type=\"widget\" data-widget_type=\"text-editor.default\">\n\t\t\t\t<div class=\"elementor-widget-container\">\n\t\t\t\t\t\t\t\t\t<p>Je vous propose une approche de la di\u00e9t\u00e9tique fond\u00e9e sur l&rsquo;\u00e9quilibre alimentaire, le respect des sensations alimentaires et une alimentation-sant\u00e9 pour vous permettre d&rsquo;\u00eatre autonome et en pleine conscience de votre sant\u00e9.\u00a0<\/p><p>Pour cela, je vous guiderai et vous accompagnerai dans votre d\u00e9marche de bien-\u00eatre en fonction de probl\u00e9matiques sp\u00e9cifiques personnelles \u00e0 travers nos \u00e9changes en <strong>consultations<\/strong>.\u00a0<\/p><p>Ma m\u00e9thode repose donc sur:\u00a0<\/p><ul><li><strong>L&rsquo;\u00e9coute de soi<\/strong><\/li><li><strong>L&rsquo;\u00e9quilibre alimentaire<\/strong>: pour avoir une alimentation saine, vari\u00e9e et source d&rsquo;\u00e9nergie b\u00e9n\u00e9fique pour votre corps\u00a0<\/li><li><strong>La micro-nutrition<\/strong>: pour optimiser les apports en vitamines, min\u00e9raux et oligo-\u00e9l\u00e9ments indispensables pour le bon fonctionnement de nombreuses fonctions essentielles dans votre sant\u00e9\u00a0<\/li><\/ul>\t\t\t\t\t\t\t\t<\/div>\n\t\t\t\t<\/div>\n\t\t\t\t\t<\/div>\n\t\t\t\t<\/div>\n\t\t<div class=\"elementor-element elementor-element-1919390 e-flex e-con-boxed e-con e-parent\" data-id=\"1919390\" data-element_type=\"container\">\n\t\t\t\t\t<div class=\"e-con-inner\">\n\t\t\t\t<div class=\"elementor-element elementor-element-126d4db elementor-arrows-position-inside elementor-widget elementor-widget-image-carousel\" data-id=\"126d4db\" data-element_type=\"widget\" data-settings=\"{&quot;slides_to_show&quot;:&quot;1&quot;,&quot;navigation&quot;:&quot;arrows&quot;,&quot;autoplay&quot;:&quot;yes&quot;,&quot;pause_on_hover&quot;:&quot;yes&quot;,&quot;pause_on_interaction&quot;:&quot;yes&quot;,&quot;autoplay_speed&quot;:5000,&quot;infinite&quot;:&quot;yes&quot;,&quot;effect&quot;:&quot;slide&quot;,&quot;speed&quot;:500}\" data-widget_type=\"image-carousel.default\">\n\t\t\t\t<div class=\"elementor-widget-container\">\n\t\t\t\t\t\t\t<div class=\"elementor-image-carousel-wrapper swiper\" role=\"region\" aria-roledescription=\"carousel\" aria-label=\"Carrousel d\u2019images\" dir=\"ltr\">\n\t\t\t<div class=\"elementor-image-carousel swiper-wrapper swiper-image-stretch\" aria-live=\"off\">\n\t\t\t\t\t\t\t\t<div class=\"swiper-slide\" role=\"group\" aria-roledescription=\"slide\" aria-label=\"1 sur 4\"><figure class=\"swiper-slide-inner\"><img decoding=\"async\" class=\"swiper-slide-image\" src=\"https:\/\/dietalimenterre.fr\/wp-content\/uploads\/2024\/02\/brooke-lark-jUPOXXRNdcA-unsplash-scaled-1.jpg\" alt=\"Alimentation-Sant\u00e9\" \/><figcaption class=\"elementor-image-carousel-caption\">Alimentation-Sant\u00e9<\/figcaption><\/figure><\/div><div class=\"swiper-slide\" role=\"group\" aria-roledescription=\"slide\" aria-label=\"2 sur 4\"><figure class=\"swiper-slide-inner\"><img decoding=\"async\" class=\"swiper-slide-image\" src=\"https:\/\/dietalimenterre.fr\/wp-content\/uploads\/2024\/02\/ONC_Focus-sante_Alimentation-prevention_OK.png\" alt=\"Alimentation th\u00e9rapeutique\" \/><figcaption class=\"elementor-image-carousel-caption\">Alimentation th\u00e9rapeutique <\/figcaption><\/figure><\/div><div class=\"swiper-slide\" role=\"group\" aria-roledescription=\"slide\" aria-label=\"3 sur 4\"><figure class=\"swiper-slide-inner\"><img decoding=\"async\" class=\"swiper-slide-image\" src=\"https:\/\/dietalimenterre.fr\/wp-content\/uploads\/2024\/02\/food-for-healthy-brain-740.jpg.webp\" alt=\"Alimentation consciente\" \/><figcaption class=\"elementor-image-carousel-caption\">Alimentation consciente <\/figcaption><\/figure><\/div><div class=\"swiper-slide\" role=\"group\" aria-roledescription=\"slide\" aria-label=\"4 sur 4\"><figure class=\"swiper-slide-inner\"><img decoding=\"async\" class=\"swiper-slide-image\" src=\"https:\/\/dietalimenterre.fr\/wp-content\/uploads\/2024\/02\/heureux-couple-personnes-agees-leur-petite-fille-communiquant-lors-repas-dans-salle-manger_637285-2886.jpg.webp\" alt=\"Alimentation li\u00e9e aux \u00e2ges\" \/><figcaption class=\"elementor-image-carousel-caption\">Alimentation li\u00e9e aux \u00e2ges<\/figcaption><\/figure><\/div>\t\t\t<\/div>\n\t\t\t\t\t\t\t\t\t\t\t\t<div class=\"elementor-swiper-button elementor-swiper-button-prev\" role=\"button\" tabindex=\"0\">\n\t\t\t\t\t\t<svg aria-hidden=\"true\" class=\"e-font-icon-svg e-fas-arrow-circle-left\" viewBox=\"0 0 512 512\" xmlns=\"http:\/\/www.w3.org\/2000\/svg\"><path d=\"M256 504C119 504 8 393 8 256S119 8 256 8s248 111 248 248-111 248-248 248zm28.9-143.6L209.4 288H392c13.3 0 24-10.7 24-24v-16c0-13.3-10.7-24-24-24H209.4l75.5-72.4c9.7-9.3 9.9-24.8.4-34.3l-11-10.9c-9.4-9.4-24.6-9.4-33.9 0L107.7 239c-9.4 9.4-9.4 24.6 0 33.9l132.7 132.7c9.4 9.4 24.6 9.4 33.9 0l11-10.9c9.5-9.5 9.3-25-.4-34.3z\"><\/path><\/svg>\t\t\t\t\t<\/div>\n\t\t\t\t\t<div class=\"elementor-swiper-button elementor-swiper-button-next\" role=\"button\" tabindex=\"0\">\n\t\t\t\t\t\t<svg aria-hidden=\"true\" class=\"e-font-icon-svg e-fas-arrow-circle-right\" viewBox=\"0 0 512 512\" xmlns=\"http:\/\/www.w3.org\/2000\/svg\"><path d=\"M256 8c137 0 248 111 248 248S393 504 256 504 8 393 8 256 119 8 256 8zm-28.9 143.6l75.5 72.4H120c-13.3 0-24 10.7-24 24v16c0 13.3 10.7 24 24 24h182.6l-75.5 72.4c-9.7 9.3-9.9 24.8-.4 34.3l11 10.9c9.4 9.4 24.6 9.4 33.9 0L404.3 273c9.4-9.4 9.4-24.6 0-33.9L271.6 106.3c-9.4-9.4-24.6-9.4-33.9 0l-11 10.9c-9.5 9.6-9.3 25.1.4 34.4z\"><\/path><\/svg>\t\t\t\t\t<\/div>\n\t\t\t\t\n\t\t\t\t\t\t\t\t\t<\/div>\n\t\t\t\t\t\t<\/div>\n\t\t\t\t<\/div>\n\t\t\t\t\t<\/div>\n\t\t\t\t<\/div>\n\t\t\t\t<\/div>\n\t\t","protected":false},"excerpt":{"rendered":"<p>Je vous propose une approche de la di\u00e9t\u00e9tique fond\u00e9e sur l&rsquo;\u00e9quilibre alimentaire, le respect des sensations alimentaires et une alimentation-sant\u00e9 pour vous permettre d&rsquo;\u00eatre autonome et en pleine conscience de votre sant\u00e9.\u00a0 Pour cela, je vous guiderai et vous accompagnerai dans votre d\u00e9marche de bien-\u00eatre en fonction de probl\u00e9matiques sp\u00e9cifiques personnelles \u00e0 travers nos \u00e9changes [&hellip;]<\/p>\n","protected":false},"author":2,"featured_media":0,"parent":0,"menu_order":0,"comment_status":"closed","ping_status":"closed","template":"","meta":{"footnotes":""},"class_list":["post-22","page","type-page","status-publish","hentry"],"_links":{"self":[{"href":"https:\/\/dietalimenterre.fr\/index.php?rest_route=\/wp\/v2\/pages\/22","targetHints":{"allow":["GET"]}}],"collection":[{"href":"https:\/\/dietalimenterre.fr\/index.php?rest_route=\/wp\/v2\/pages"}],"about":[{"href":"https:\/\/dietalimenterre.fr\/index.php?rest_route=\/wp\/v2\/types\/page"}],"author":[{"embeddable":true,"href":"https:\/\/dietalimenterre.fr\/index.php?rest_route=\/wp\/v2\/users\/2"}],"replies":[{"embeddable":true,"href":"https:\/\/dietalimenterre.fr\/index.php?rest_route=%2Fwp%2Fv2%2Fcomments&post=22"}],"version-history":[{"count":0,"href":"https:\/\/dietalimenterre.fr\/index.php?rest_route=\/wp\/v2\/pages\/22\/revisions"}],"wp:attachment":[{"href":"https:\/\/dietalimenterre.fr\/index.php?rest_route=%2Fwp%2Fv2%2Fmedia&parent=22"}],"curies":[{"name":"wp","href":"https:\/\/api.w.org\/{rel}","templated":true}]}}